{"id":51399,"date":"2018-07-23T15:06:20","date_gmt":"2018-07-23T20:06:20","guid":{"rendered":"https:\/\/logity.co\/openvoice\/?page_id=51399"},"modified":"2018-09-05T08:57:35","modified_gmt":"2018-09-05T13:57:35","slug":"agenda","status":"publish","type":"page","link":"http:\/\/openvoice.com.co\/ov\/agenda\/","title":{"rendered":"Agenda"},"content":{"rendered":"<p>[et_pb_section fb_built=\u00bb1&#8243; _builder_version=\u00bb3.12.1&#8243; background_color=\u00bb#353535&#8243; custom_padding=\u00bb63px|0px|0|0px|false|false\u00bb background_size=\u00bbinitial\u00bb background_repeat=\u00bbrepeat-x\u00bb][et_pb_row _builder_version=\u00bb3.12.1&#8243; background_size=\u00bbinitial\u00bb background_position=\u00bbtop_left\u00bb background_repeat=\u00bbrepeat\u00bb custom_padding=\u00bb0|0px|0|0px|false|false\u00bb custom_margin=\u00bb-37px||-67px|\u00bb][et_pb_column type=\u00bb4_4&#8243; _builder_version=\u00bb3.0.47&#8243; parallax=\u00bboff\u00bb parallax_method=\u00bbon\u00bb][et_pb_code _builder_version=\u00bb3.9&#8243;]&lt;div data-configid=&quot;34064043\/63334902&quot; style=&quot;width:100%; height:579px;&quot; class=&quot;issuuembed&quot;&gt;&lt;\/div&gt;&lt;!&#8211; [et_pb_line_break_holder] &#8211;&gt;&lt;script type=&quot;text\/javascript&quot; src=&quot;\/\/e.issuu.com\/embed.js&quot; async=&quot;true&quot;&gt;&lt;\/script&gt;[\/et_pb_code][\/et_pb_column][\/et_pb_row][\/et_pb_section][et_pb_section fb_built=\u00bb1&#8243; custom_padding_last_edited=\u00bbon|phone\u00bb admin_label=\u00bbPage Header\u00bb module_id=\u00bbredes\u00bb _builder_version=\u00bb3.12.1&#8243; background_color=\u00bb#3ea9f5&#8243; background_image=\u00bbhttps:\/\/logity.co\/openvoice\/wp-content\/uploads\/2018\/06\/background-textures.png\u00bb custom_padding=\u00bb|||\u00bb custom_padding_phone=\u00bb0px||0px|\u00bb global_module=\u00bb50045&#8243; custom_css_main_element=\u00bbz-index: 99;\u00bb][et_pb_row custom_padding=\u00bb|||\u00bb bg_img_2=\u00bbhttps:\/\/logity.co\/openvoice\/wp-content\/uploads\/2018\/05\/business-13-1.jpg\u00bb parallax_2=\u00bbon\u00bb _builder_version=\u00bb3.0.83&#8243; background_size=\u00bbinitial\u00bb background_position=\u00bbtop_left\u00bb background_repeat=\u00bbrepeat\u00bb background_blend=\u00bbmultiply\u00bb animation_style=\u00bbslide\u00bb animation_direction=\u00bbtop\u00bb animation_intensity_slide=\u00bb3%\u00bb][et_pb_column type=\u00bb4_4&#8243; _builder_version=\u00bb3.0.47&#8243; parallax=\u00bboff\u00bb parallax_method=\u00bbon\u00bb][et_pb_text _builder_version=\u00bb3.3.1&#8243; text_font=\u00bb||||||||\u00bb header_font=\u00bbSF Bold|700|||||||dotted\u00bb header_text_color=\u00bb#ffffff\u00bb header_font_size=\u00bb45px\u00bb header_font_size_tablet=\u00bb30px\u00bb header_font_size_phone=\u00bb26px\u00bb header_font_size_last_edited=\u00bbon|phone\u00bb header_letter_spacing=\u00bb5px\u00bb header_line_height=\u00bb1.3em\u00bb background_size=\u00bbinitial\u00bb background_position=\u00bbtop_left\u00bb background_repeat=\u00bbrepeat\u00bb custom_margin=\u00bb|||\u00bb animation_style=\u00bbfade\u00bb locked=\u00bboff\u00bb]<\/p>\n<h1>Contacto<\/h1>\n<p>[\/et_pb_text][et_pb_divider color=\u00bb#ffffff\u00bb divider_weight=\u00bb5px\u00bb height=\u00bb0px\u00bb disabled_on=\u00bboff|off|off\u00bb _builder_version=\u00bb3.7&#8243; max_width=\u00bb120px\u00bb max_width_tablet=\u00bb26%\u00bb max_width_phone=\u00bb22%\u00bb max_width_last_edited=\u00bbon|phone\u00bb module_alignment=\u00bbleft\u00bb custom_margin=\u00bb-30px|||\u00bb custom_margin_last_edited=\u00bbon|desktop\u00bb custom_padding=\u00bb|||\u00bb animation_style=\u00bbslide\u00bb animation_direction=\u00bbtop\u00bb animation_intensity_slide=\u00bb30%\u00bb][\/et_pb_divider][\/et_pb_column][\/et_pb_row][\/et_pb_section][et_pb_section fb_built=\u00bb1&#8243; admin_label=\u00bbContact Section\u00bb _builder_version=\u00bb3.6&#8243; background_color=\u00bbrgba(132,196,63,0.12)\u00bb background_image=\u00bbhttps:\/\/logity.co\/openvoice\/wp-content\/uploads\/2018\/05\/fondo.png\u00bb custom_padding=\u00bb39px||26px|\u00bb animation_style=\u00bbfade\u00bb global_module=\u00bb50046&#8243;][et_pb_row custom_margin=\u00bb|||\u00bb _builder_version=\u00bb3.3.1&#8243; background_size=\u00bbinitial\u00bb background_position=\u00bbtop_left\u00bb background_repeat=\u00bbrepeat\u00bb module_alignment=\u00bbcenter\u00bb custom_margin_tablet=\u00bb|||180px\u00bb custom_margin_phone=\u00bb|||70px\u00bb custom_margin_last_edited=\u00bboff|desktop\u00bb][et_pb_column type=\u00bb1_2&#8243; _builder_version=\u00bb3.0.47&#8243; parallax=\u00bboff\u00bb parallax_method=\u00bbon\u00bb][et_pb_text _builder_version=\u00bb3.7&#8243; text_font=\u00bbSan Francisco Bold||||||||\u00bb text_text_color=\u00bb#00adef\u00bb text_font_size=\u00bb18px\u00bb text_line_height=\u00bb1.8em\u00bb link_font=\u00bbSan Francisco Bold|||||||rgba(0,0,0,0)|double\u00bb link_text_color=\u00bb#00adef\u00bb header_font=\u00bb|700|||||||\u00bb header_text_align=\u00bbleft\u00bb header_text_color=\u00bb#0d4874&#8243; header_font_size=\u00bb1px\u00bb header_2_font=\u00bbSF Regular||||||||\u00bb header_2_text_color=\u00bb#0d4874&#8243; header_2_font_size=\u00bb24px\u00bb header_2_letter_spacing=\u00bb2px\u00bb header_3_font=\u00bb||||||||\u00bb header_4_font=\u00bb|700|||||||\u00bb header_4_text_align=\u00bbleft\u00bb header_4_text_color=\u00bb#0d4874&#8243; header_4_font_size=\u00bb22px\u00bb header_4_line_height=\u00bb1.9em\u00bb animation_style=\u00bbzoom\u00bb animation_intensity_zoom=\u00bb20%\u00bb]<\/p>\n<h2>Sede principal<\/h2>\n<p>[\/et_pb_text][et_pb_blurb title=\u00bbCalle 116A #70C-07 Bogot\u00e1 D.C., Colombia\u00bb url=\u00bb#mapa\u00bb use_icon=\u00bbon\u00bb font_icon=\u00bb%%249%%\u00bb icon_color=\u00bb#00adef\u00bb icon_placement=\u00bbleft\u00bb _builder_version=\u00bb3.7&#8243; header_font=\u00bbSF Regular||||||||\u00bb header_text_align=\u00bbleft\u00bb header_text_color=\u00bb#00adef\u00bb header_letter_spacing=\u00bb1px\u00bb header_line_height=\u00bb1.8em\u00bb body_line_height=\u00bb1em\u00bb module_alignment=\u00bbleft\u00bb custom_margin=\u00bb||0px|\u00bb animation_style=\u00bbfade\u00bb animation=\u00bbbottom\u00bb][\/et_pb_blurb][et_pb_blurb title=\u00bb(+571) 742 3140&#8243; use_icon=\u00bbon\u00bb font_icon=\u00bb%%264%%\u00bb icon_color=\u00bb#00adef\u00bb icon_placement=\u00bbleft\u00bb _builder_version=\u00bb3.7&#8243; header_font=\u00bbSF Regular||||||||\u00bb header_text_align=\u00bbright\u00bb header_text_color=\u00bb#00adef\u00bb header_letter_spacing=\u00bb1px\u00bb header_line_height=\u00bb1.8em\u00bb body_font=\u00bb||||||||\u00bb body_line_height=\u00bb1em\u00bb module_alignment=\u00bbleft\u00bb custom_margin=\u00bb||0px|\u00bb animation_style=\u00bbfade\u00bb][\/et_pb_blurb][et_pb_blurb title=\u00bb (+57) 310 329 4432&#8243; use_icon=\u00bbon\u00bb font_icon=\u00bb%%104%%\u00bb icon_color=\u00bb#00adef\u00bb icon_placement=\u00bbleft\u00bb _builder_version=\u00bb3.7&#8243; header_font=\u00bbSF Regular||||||||\u00bb header_text_align=\u00bbright\u00bb header_text_color=\u00bb#00adef\u00bb header_letter_spacing=\u00bb1px\u00bb header_line_height=\u00bb1.8em\u00bb body_font=\u00bb||||||||\u00bb body_line_height=\u00bb1em\u00bb module_alignment=\u00bbleft\u00bb custom_margin=\u00bb||0px|\u00bb animation_style=\u00bbfade\u00bb][\/et_pb_blurb][et_pb_blurb title=\u00bbventas@logity.co\u00bb url=\u00bbmailto:comercial@logity.co\u00bb use_icon=\u00bbon\u00bb font_icon=\u00bb%%238%%\u00bb icon_color=\u00bb#00adef\u00bb icon_placement=\u00bbleft\u00bb _builder_version=\u00bb3.6&#8243; header_font=\u00bbSF Regular||||||||\u00bb header_text_align=\u00bbright\u00bb header_text_color=\u00bb#00adef\u00bb header_letter_spacing=\u00bb1px\u00bb header_line_height=\u00bb1.8em\u00bb body_line_height=\u00bb1em\u00bb module_alignment=\u00bbleft\u00bb custom_margin=\u00bb|||\u00bb animation_style=\u00bbfade\u00bb][\/et_pb_blurb][\/et_pb_column][et_pb_column type=\u00bb1_4&#8243; _builder_version=\u00bb3.0.47&#8243; parallax=\u00bboff\u00bb parallax_method=\u00bbon\u00bb][et_pb_text _builder_version=\u00bb3.7&#8243; text_font=\u00bb||||||||\u00bb text_text_color=\u00bb#0d4874&#8243; text_font_size=\u00bb5px\u00bb text_line_height=\u00bb1.8em\u00bb link_font=\u00bb||||on|||#fcd21d|double\u00bb link_text_color=\u00bb#353740&#8243; header_font=\u00bb||||||||\u00bb header_2_font=\u00bbSF Regular||||||||\u00bb header_2_text_color=\u00bb#0d4874&#8243; header_2_font_size=\u00bb24px\u00bb header_2_letter_spacing=\u00bb2px\u00bb header_4_font=\u00bb|700|||||||\u00bb header_4_text_align=\u00bbleft\u00bb header_4_text_color=\u00bb#0d4874&#8243; header_4_font_size=\u00bb20px\u00bb header_4_line_height=\u00bb1.9em\u00bb custom_margin=\u00bb|||-40px\u00bb custom_margin_phone=\u00bb|||0px\u00bb custom_margin_last_edited=\u00bbon|phone\u00bb animation_style=\u00bbzoom\u00bb animation_intensity_zoom=\u00bb20%\u00bb]<\/p>\n<h2>Redes Sociales<\/h2>\n<p>[\/et_pb_text][et_pb_blurb title=\u00bbOpenvoice Whatsapp\u00bb url=\u00bbhttps:\/\/chat.whatsapp.com\/3UL3vSJj0xdBfgAqJPLh0k\u00bb url_new_window=\u00bbon\u00bb image=\u00bbhttps:\/\/logity.co\/openvoice\/wp-content\/uploads\/2018\/06\/ico-what-a.png\u00bb icon_placement=\u00bbleft\u00bb _builder_version=\u00bb3.8&#8243; header_font=\u00bbSF Regular||||||||\u00bb header_text_color=\u00bb#00adef\u00bb header_line_height=\u00bb1.8em\u00bb custom_margin=\u00bb||-3px|-40px\u00bb custom_margin_phone=\u00bb|||0px\u00bb custom_margin_last_edited=\u00bbon|desktop\u00bb animation_style=\u00bbfade\u00bb][\/et_pb_blurb][et_pb_blurb title=\u00bb\/openvoiceoficial\u00bb url=\u00bbhttps:\/\/www.facebook.com\/Openvoiceoficial\u00bb url_new_window=\u00bbon\u00bb use_icon=\u00bbon\u00bb font_icon=\u00bb%%291%%\u00bb icon_color=\u00bb#00adef\u00bb icon_placement=\u00bbleft\u00bb _builder_version=\u00bb3.8&#8243; header_font=\u00bbSF Regular||||||||\u00bb header_text_color=\u00bb#00adef\u00bb header_line_height=\u00bb1.8em\u00bb custom_margin=\u00bb||-3px|-40px\u00bb custom_margin_phone=\u00bb|||0px\u00bb custom_margin_last_edited=\u00bbon|phone\u00bb animation_style=\u00bbfade\u00bb][\/et_pb_blurb][et_pb_blurb title=\u00bb\/openvoiceco\u00bb url=\u00bbhttps:\/\/twitter.com\/openvoiceco\u00bb url_new_window=\u00bbon\u00bb use_icon=\u00bbon\u00bb font_icon=\u00bb%%292%%\u00bb icon_color=\u00bb#00adef\u00bb icon_placement=\u00bbleft\u00bb _builder_version=\u00bb3.7&#8243; header_font=\u00bbSF Regular||||||||\u00bb header_text_color=\u00bb#00adef\u00bb header_line_height=\u00bb1.8em\u00bb body_font=\u00bb||||||||\u00bb custom_margin=\u00bb||-3px|-40px\u00bb custom_margin_phone=\u00bb|||0px\u00bb custom_margin_last_edited=\u00bbon|phone\u00bb animation_style=\u00bbfade\u00bb][\/et_pb_blurb][et_pb_blurb title=\u00bb\/open_voice\u00bb url=\u00bbhttps:\/\/www.instagram.com\/open_voice\/\u00bb url_new_window=\u00bbon\u00bb use_icon=\u00bbon\u00bb font_icon=\u00bb%%298%%\u00bb icon_color=\u00bb#00adef\u00bb icon_placement=\u00bbleft\u00bb _builder_version=\u00bb3.7&#8243; header_font=\u00bbSF Regular||||||||\u00bb header_text_color=\u00bb#00adef\u00bb header_line_height=\u00bb1.8em\u00bb body_font=\u00bb||||||||\u00bb body_text_color=\u00bb#00adef\u00bb custom_margin=\u00bb|||-40px\u00bb custom_margin_phone=\u00bb|||0px\u00bb custom_margin_last_edited=\u00bbon|phone\u00bb animation_style=\u00bbfade\u00bb][\/et_pb_blurb][\/et_pb_column][et_pb_column type=\u00bb1_4&#8243; _builder_version=\u00bb3.0.47&#8243; parallax=\u00bboff\u00bb parallax_method=\u00bbon\u00bb][et_pb_text _builder_version=\u00bb3.3.1&#8243; text_font=\u00bbSF Bold|700|||||||\u00bb text_text_color=\u00bb#0d4874&#8243; text_line_height=\u00bb1.5em\u00bb header_font=\u00bb||||||||\u00bb custom_margin=\u00bb||-32px|\u00bb animation_style=\u00bbslide\u00bb animation_direction=\u00bbright\u00bb animation_delay=\u00bb150ms\u00bb]<\/p>\n<p style=\"text-align: center;\">Lee el c\u00f3digo QR para unirte a nuestro grupo de Whatsapp.<\/p>\n<p>[\/et_pb_text][et_pb_image src=\u00bbhttps:\/\/logity.co\/openvoice\/wp-content\/uploads\/2018\/08\/Unitag_QRCode_Openvoice_groups_whatsapp.png\u00bb url=\u00bbhttps:\/\/chat.whatsapp.com\/3UL3vSJj0xdBfgAqJPLh0k\u00bb url_new_window=\u00bbon\u00bb _builder_version=\u00bb3.11.1&#8243; background_color=\u00bb#ffffff\u00bb border_width_all=\u00bb3px\u00bb border_color_all=\u00bb#3ea9f5&#8243; max_width=\u00bb85%\u00bb module_alignment=\u00bbcenter\u00bb custom_margin=\u00bb50px|||\u00bb animation_style=\u00bbslide\u00bb animation_direction=\u00bbright\u00bb animation_delay=\u00bb300ms\u00bb animation_intensity_slide=\u00bb100%\u00bb]<\/p>\n<p>\u00a0<\/p>\n<p>[\/et_pb_image][\/et_pb_column][\/et_pb_row][\/et_pb_section][et_pb_section fb_built=\u00bb1&#8243; fullwidth=\u00bbon\u00bb admin_label=\u00bbMap Section\u00bb _builder_version=\u00bb3.3.1&#8243; module_alignment=\u00bbcenter\u00bb custom_padding=\u00bb0|0px|0|0px|false|false\u00bb bottom_divider_height=\u00bb74px\u00bb global_module=\u00bb50048&#8243;][et_pb_fullwidth_map address=\u00bbcalle 116 #70f\u00bb zoom_level=\u00bb19&#8243; address_lat=\u00bb4.699812592946&#8243; address_lng=\u00bb-74.072444188393&#8243; mouse_wheel=\u00bboff\u00bb use_grayscale_filter=\u00bbon\u00bb _builder_version=\u00bb3.3.1&#8243; custom_margin=\u00bb|||\u00bb custom_padding=\u00bb|||\u00bb animation_style=\u00bbfade\u00bb][et_pb_map_pin title=\u00bbVisitanos\u00bb pin_address=\u00bbCl. 116a #70c-13 a 70c-99, Bogot\u00e1, Colombia\u00bb zoom_level=\u00bb20&#8243; pin_address_lat=\u00bb4.6999579947765&#8243; pin_address_lng=\u00bb-74.072550545616&#8243; _builder_version=\u00bb3.3.1&#8243;][\/et_pb_map_pin][\/et_pb_fullwidth_map][\/et_pb_section][et_pb_section fb_built=\u00bb1&#8243; module_class=\u00bbpie\u00bb _builder_version=\u00bb3.7&#8243; background_color=\u00bb#4c4c4c\u00bb background_blend=\u00bboverlay\u00bb global_module=\u00bb49381&#8243;][et_pb_row _builder_version=\u00bb3.12.1&#8243; custom_margin_phone=\u00bb-15px|||\u00bb custom_margin_last_edited=\u00bbon|phone\u00bb][et_pb_column type=\u00bb1_4&#8243; _builder_version=\u00bb3.0.47&#8243; parallax=\u00bboff\u00bb parallax_method=\u00bbon\u00bb][et_pb_image src=\u00bbhttps:\/\/logity.co\/openvoice\/wp-content\/uploads\/2018\/06\/Logo-OV-b.png\u00bb show_bottom_space=\u00bboff\u00bb align=\u00bbcenter\u00bb _builder_version=\u00bb3.12.1&#8243; max_width=\u00bb70%\u00bb max_width_tablet=\u00bb54%\u00bb max_width_phone=\u00bb40%\u00bb max_width_last_edited=\u00bbon|phone\u00bb module_alignment=\u00bbcenter\u00bb custom_margin=\u00bb|||\u00bb custom_margin_phone=\u00bb-30px|||\u00bb custom_margin_last_edited=\u00bbon|phone\u00bb custom_padding=\u00bb|||\u00bb]<\/p>\n<p>\u00a0<\/p>\n<p>[\/et_pb_image][\/et_pb_column][et_pb_column type=\u00bb1_4&#8243; _builder_version=\u00bb3.0.47&#8243; parallax=\u00bboff\u00bb parallax_method=\u00bbon\u00bb][et_pb_text _builder_version=\u00bb3.12.1&#8243; text_font=\u00bbSF Regular||||||||\u00bb text_text_color=\u00bb#ffffff\u00bb text_font_size=\u00bb16px\u00bb header_font=\u00bb||||||||\u00bb custom_margin=\u00bb||5px|30px\u00bb custom_margin_tablet=\u00bb|||0px\u00bb custom_margin_phone=\u00bb30px|||\u00bb custom_margin_last_edited=\u00bbon|phone\u00bb]<\/p>\n<p>La Empresa<\/p>\n<p>[\/et_pb_text][et_pb_text _builder_version=\u00bb3.6&#8243; text_font=\u00bbSF Regular||||||||\u00bb text_text_color=\u00bbrgba(255,255,255,0.5)\u00bb text_font_size=\u00bb16px\u00bb custom_margin=\u00bb||5px|30px\u00bb custom_margin_tablet=\u00bb|||0px\u00bb custom_margin_last_edited=\u00bbon|phone\u00bb]<\/p>\n<p><span style=\"color: #999999;\"><a style=\"color: #999999;\" href=\"https:\/\/logity.co\/openvoice\/empresa\/#empresa\">Quienes somos<\/a><\/span><\/p>\n<p>[\/et_pb_text][et_pb_text _builder_version=\u00bb3.8&#8243; text_font=\u00bbSF Regular||||||||\u00bb text_text_color=\u00bbrgba(255,255,255,0.5)\u00bb text_font_size=\u00bb16px\u00bb custom_margin=\u00bb||5px|30px\u00bb custom_margin_tablet=\u00bb|||0px\u00bb custom_margin_last_edited=\u00bbon|phone\u00bb]<\/p>\n<p><span style=\"color: #999999;\"><a style=\"color: #999999;\" href=\"https:\/\/logity.co\/openvoice\/empresa\/#somos\">Identidad corporativa<\/a><\/span><\/p>\n<p>[\/et_pb_text][et_pb_text _builder_version=\u00bb3.7&#8243; text_font=\u00bbSF Regular||||||||\u00bb text_text_color=\u00bbrgba(255,255,255,0.5)\u00bb text_font_size=\u00bb16px\u00bb custom_margin=\u00bb||25px|30px\u00bb custom_margin_tablet=\u00bb|||0px\u00bb custom_margin_last_edited=\u00bbon|phone\u00bb]<\/p>\n<p><span style=\"color: #00ccff;\"><a style=\"color: #00ccff;\" href=\"http:\/\/www.logity.com\" target=\"_blank\" rel=\"noopener\">Ir a Logity<\/a><\/span><\/p>\n<p>[\/et_pb_text][et_pb_text module_class=\u00bbredes\u00bb _builder_version=\u00bb3.12.1&#8243; max_width_last_edited=\u00bboff|desktop\u00bb custom_margin=\u00bb|||30px\u00bb custom_margin_tablet=\u00bb|40px||0px\u00bb custom_margin_phone=\u00bb-180px|0px|110px|70px\u00bb custom_margin_last_edited=\u00bbon|phone\u00bb custom_css_main_element=\u00bb ||\u00bb]<\/p>\n<p><a title=\"Facebook\" href=\"https:\/\/www.facebook.com\/Openvoiceoficial\" target=\"_blank\" rel=\"noopener\"><img loading=\"lazy\" decoding=\"async\" class=\"alignnone\" src=\"https:\/\/logity.co\/openvoice\/wp-content\/uploads\/2018\/06\/Icon-face-3.png\" alt=\"Facebook Openvoice oficial\" width=\"38\" height=\"35\" \/><\/a><a title=\"Twitter\" href=\"https:\/\/twitter.com\/openvoiceco\" target=\"_blank\" rel=\"noopener\">\u00a0\u00a0<\/a><a href=\"https:\/\/twitter.com\/openvoiceco\" target=\"_blank\" rel=\"noopener\"><img loading=\"lazy\" decoding=\"async\" class=\"alignnone\" src=\"https:\/\/logity.co\/openvoice\/wp-content\/uploads\/2018\/06\/Icon-twi-3.png\" alt=\"Twitter Openvoiceco\" width=\"38\" height=\"35\" \/><\/a>\u00a0<a title=\"Twitter\" href=\"https:\/\/twitter.com\/openvoiceco\" target=\"_blank\" rel=\"noopener\">\u00a0<\/a><a title=\"Instagram\" href=\"https:\/\/www.instagram.com\/open_voice\/\" target=\"_blank\" rel=\"noopener\"><img loading=\"lazy\" decoding=\"async\" class=\"alignnone\" src=\"https:\/\/logity.co\/openvoice\/wp-content\/uploads\/2018\/06\/Icon-ins-3.png\" alt=\"Instagram open_voice\" width=\"38\" height=\"35\" \/><\/a><\/p>\n<p>[\/et_pb_text][\/et_pb_column][et_pb_column type=\u00bb1_4&#8243; _builder_version=\u00bb3.0.47&#8243; parallax=\u00bboff\u00bb parallax_method=\u00bbon\u00bb][et_pb_text _builder_version=\u00bb3.6&#8243; text_font=\u00bbSF Regular||||||||\u00bb text_text_color=\u00bb#ffffff\u00bb text_font_size=\u00bb16px\u00bb header_font=\u00bb||||||||\u00bb custom_margin=\u00bb||5px|\u00bb]<\/p>\n<p>Seguridad IP<\/p>\n<p>[\/et_pb_text][et_pb_text _builder_version=\u00bb3.8&#8243; text_font=\u00bbSF Regular||||||||\u00bb text_text_color=\u00bbrgba(255,255,255,0.5)\u00bb text_font_size=\u00bb16px\u00bb custom_margin=\u00bb||5px|\u00bb]<\/p>\n<p><span style=\"color: #999999;\"><a style=\"color: #999999;\" href=\"https:\/\/logity.co\/openvoice\/seguridad\/#citofonia\">Citofon\u00eda IP<\/a><\/span><\/p>\n<p>[\/et_pb_text][et_pb_text _builder_version=\u00bb3.7&#8243; text_font=\u00bbSF Regular||||||||\u00bb text_text_color=\u00bbrgba(255,255,255,0.5)\u00bb text_font_size=\u00bb16px\u00bb custom_margin=\u00bb||5px|\u00bb]<\/p>\n<p><span style=\"color: #999999;\"><a style=\"color: #999999;\" href=\"https:\/\/logity.co\/openvoice\/seguridad\/#video\">V\u00eddeo Vigilancia<\/a><\/span><\/p>\n<p>[\/et_pb_text][et_pb_text _builder_version=\u00bb3.7&#8243; text_font=\u00bbSF Regular||||||||\u00bb text_text_color=\u00bbrgba(255,255,255,0.5)\u00bb text_font_size=\u00bb16px\u00bb header_font=\u00bb||||||||\u00bb custom_margin=\u00bb||5px|\u00bb]<\/p>\n<p><span style=\"color: #999999;\"><a style=\"color: #999999;\" href=\"https:\/\/logity.co\/openvoice\/seguridad\/#peatonal\">Control Peatonal<\/a><\/span><\/p>\n<p>[\/et_pb_text][et_pb_text _builder_version=\u00bb3.7&#8243; text_font=\u00bbSF Regular||||||||\u00bb text_text_color=\u00bbrgba(255,255,255,0.5)\u00bb text_font_size=\u00bb16px\u00bb custom_margin=\u00bb||5px|\u00bb]<\/p>\n<p><span style=\"color: #999999;\"><a style=\"color: #999999;\" href=\"https:\/\/logity.co\/openvoice\/seguridad\/#vehicular\">Control Vehicular<\/a><\/span><\/p>\n<p>[\/et_pb_text][et_pb_text _builder_version=\u00bb3.6&#8243; text_font=\u00bbSF Regular||||||||\u00bb text_text_color=\u00bbrgba(255,255,255,0.5)\u00bb text_font_size=\u00bb16px\u00bb custom_margin=\u00bb||5px|\u00bb]<\/p>\n<p><span style=\"color: #999999;\"><a style=\"color: #999999;\" href=\"https:\/\/logity.co\/openvoice\/seguridad\/#control\">Control de Intrusos<\/a><\/span><\/p>\n<p>[\/et_pb_text][et_pb_text _builder_version=\u00bb3.6&#8243; text_font=\u00bbSF Regular||||||||\u00bb text_text_color=\u00bbrgba(255,255,255,0.5)\u00bb text_font_size=\u00bb16px\u00bb custom_margin=\u00bb||5px|\u00bb]<\/p>\n<p><span style=\"color: #999999;\"><a style=\"color: #999999;\" href=\"https:\/\/logity.co\/openvoice\/seguridad\/#domotica\">Dom\u00f3tica e Inm\u00f3tica<\/a><\/span><\/p>\n<p>[\/et_pb_text][\/et_pb_column][et_pb_column type=\u00bb1_4&#8243; _builder_version=\u00bb3.0.47&#8243; parallax=\u00bboff\u00bb parallax_method=\u00bbon\u00bb][et_pb_text _builder_version=\u00bb3.6&#8243; text_font=\u00bbSF Regular||||||||\u00bb text_text_color=\u00bb#ffffff\u00bb text_font_size=\u00bb16px\u00bb custom_margin=\u00bb||5px|\u00bb]<\/p>\n<p>Telefon\u00eda IP<\/p>\n<p>[\/et_pb_text][et_pb_text _builder_version=\u00bb3.6&#8243; text_font=\u00bbSF Regular||||||||\u00bb text_text_color=\u00bbrgba(255,255,255,0.5)\u00bb text_font_size=\u00bb16px\u00bb custom_margin=\u00bb||5px|\u00bb]<\/p>\n<p><span style=\"color: #999999;\"><a style=\"color: #999999;\" href=\"https:\/\/logity.co\/openvoice\/telefonia\/#pin\">Pin Telef\u00f3nico OV<\/a><\/span><\/p>\n<p>[\/et_pb_text][et_pb_text _builder_version=\u00bb3.6&#8243; text_font=\u00bbSF Regular||||||||\u00bb text_text_color=\u00bbrgba(255,255,255,0.5)\u00bb text_font_size=\u00bb16px\u00bb custom_margin=\u00bb||5px|\u00bb]<\/p>\n<p><span style=\"color: #999999;\"><a style=\"color: #999999;\" href=\"https:\/\/logity.co\/openvoice\/telefonia\/#cabinas\">Cabinas y Call Shops<\/a><\/span><\/p>\n<p>[\/et_pb_text][et_pb_text _builder_version=\u00bb3.7&#8243; text_font=\u00bbSF Regular||||||||\u00bb text_text_color=\u00bbrgba(255,255,255,0.5)\u00bb text_font_size=\u00bb16px\u00bb custom_margin=\u00bb||5px|\u00bb]<\/p>\n<p><span style=\"color: #999999;\"><a style=\"color: #999999;\" href=\"https:\/\/logity.co\/openvoice\/telefonia\/#mayorista\">OV Mayorista<\/a><\/span><\/p>\n<p>[\/et_pb_text][et_pb_text _builder_version=\u00bb3.7&#8243; text_font=\u00bbSF Regular||||||||\u00bb text_text_color=\u00bbrgba(255,255,255,0.5)\u00bb text_font_size=\u00bb16px\u00bb header_font=\u00bb||||||||\u00bb custom_margin=\u00bb||5px|\u00bb]<\/p>\n<p><span style=\"color: #999999;\"><a style=\"color: #999999;\" href=\"https:\/\/logity.co\/openvoice\/telefonia\/#pbx\">PBX Pilvi<\/a>x<\/span><\/p>\n<p>[\/et_pb_text][et_pb_text _builder_version=\u00bb3.6&#8243; text_font=\u00bbSF Regular||||||||\u00bb text_text_color=\u00bbrgba(255,255,255,0.5)\u00bb text_font_size=\u00bb16px\u00bb custom_margin=\u00bb||5px|\u00bb]<\/p>\n<p><span style=\"color: #999999;\"><a style=\"color: #999999;\" href=\"https:\/\/logity.co\/openvoice\/telefonia\/#redes\">Infraestructura de redes<\/a><\/span><\/p>\n<p>[\/et_pb_text][et_pb_text _builder_version=\u00bb3.7&#8243; text_font=\u00bbSF Regular||||||||\u00bb text_text_color=\u00bbrgba(255,255,255,0.5)\u00bb text_font_size=\u00bb16px\u00bb custom_margin=\u00bb||25px|0px\u00bb custom_margin_tablet=\u00bb|||0px\u00bb custom_margin_last_edited=\u00bbon|phone\u00bb]<\/p>\n<p><span style=\"color: #00ccff;\"><a style=\"color: #00ccff;\" href=\"https:\/\/logity.co\/openvoice\/contacto\/#redes\">Cont\u00e1ctanos<\/a><\/span><\/p>\n<p>[\/et_pb_text][\/et_pb_column][\/et_pb_row][et_pb_row custom_padding=\u00bb30px|0px|0|0px|false|false\u00bb _builder_version=\u00bb3.6&#8243;][et_pb_column type=\u00bb4_4&#8243; _builder_version=\u00bb3.0.47&#8243; parallax=\u00bboff\u00bb parallax_method=\u00bbon\u00bb][et_pb_divider color=\u00bbrgba(126,211,247,0.61)\u00bb _builder_version=\u00bb3.12.1&#8243; custom_margin=\u00bb||0px|\u00bb custom_margin_phone=\u00bb-60px||-5px|\u00bb custom_margin_last_edited=\u00bbon|phone\u00bb]<\/p>\n<p>\u00a0<\/p>\n<p>[\/et_pb_divider][et_pb_text _builder_version=\u00bb3.12.1&#8243; text_font=\u00bbSF Thin||||||||\u00bb text_text_color=\u00bb#ffffff\u00bb text_font_size=\u00bb16px\u00bb text_font_size_tablet=\u00bb12px\u00bb text_font_size_phone=\u00bb12px\u00bb text_font_size_last_edited=\u00bbon|phone\u00bb text_orientation=\u00bbcenter\u00bb custom_margin_phone=\u00bb||-40px|\u00bb custom_margin_last_edited=\u00bbon|phone\u00bb custom_padding=\u00bb|||||false\u00bb custom_padding_phone=\u00bb|0px||0px||true\u00bb custom_padding_last_edited=\u00bboff|desktop\u00bb]<\/p>\n<p><span style=\"color: #ffffff;\">Copyright \u24b8 2018 &#8211; Open Voice &#8211; All rights reserved &#8211;\u00a0<a style=\"color: #ffffff;\" href=\"mailto:webmaster@openvoive.com.co\">Web Master<\/a>\u00a0\u00a0 \u00a0 \u00a0 \u00a0l\u00a0 \u00a0 \u00a0 \u00a0\u00a0<a style=\"color: #ffffff;\" href=\"https:\/\/logity.co\/openvoice\/privacidad\" target=\"_blank\" rel=\"noopener noreferrer\">Pol\u00edticas de uso y privacidad<\/a>\u00a0 \u00a0 \u00a0 \u00a0 l\u00a0 \u00a0 \u00a0<a style=\"color: #ffffff;\" href=\"https:\/\/logity.co\/openvoice\/datos\" target=\"_blank\" rel=\"noopener noreferrer\">Pol\u00edticas de datos<\/a><\/span><\/p>\n<p>[\/et_pb_text][\/et_pb_column][\/et_pb_row][\/et_pb_section]<\/p>\n","protected":false},"excerpt":{"rendered":"<p>&lt;div data-configid=&quot;34064043\/63334902&quot; style=&quot;width:100%; height:579px;&quot; class=&quot;issuuembed&quot;&gt;&lt;\/div&gt;&lt;!&#8211; [et_pb_line_break_holder] &#8211;&gt;&lt;script type=&quot;text\/javascript&quot; src=&quot;\/\/e.issuu.com\/embed.js&quot; async=&quot;true&quot;&gt;&lt;\/script&gt;ContactoSede principalRedes SocialesLee el c\u00f3digo QR para unirte a nuestro grupo de Whatsapp.\u00a0\u00a0La EmpresaQuienes somosIdentidad corporativaIr a Logity\u00a0\u00a0\u00a0\u00a0Seguridad IPCitofon\u00eda IPV\u00eddeo VigilanciaControl PeatonalControl VehicularControl de IntrusosDom\u00f3tica e Inm\u00f3ticaTelefon\u00eda IPPin Telef\u00f3nico OVCabinas y Call ShopsOV MayoristaPBX PilvixInfraestructura de redesCont\u00e1ctanos\u00a0Copyright \u24b8 2018 &#8211; Open Voice &#8211; All rights reserved [&hellip;]<\/p>\n","protected":false},"author":1,"featured_media":0,"parent":0,"menu_order":0,"comment_status":"closed","ping_status":"closed","template":"","meta":{"_et_pb_use_builder":"on","_et_pb_old_content":"","_et_gb_content_width":"","footnotes":""},"class_list":["post-51399","page","type-page","status-publish","hentry"],"_links":{"self":[{"href":"http:\/\/openvoice.com.co\/ov\/wp-json\/wp\/v2\/pages\/51399","targetHints":{"allow":["GET"]}}],"collection":[{"href":"http:\/\/openvoice.com.co\/ov\/wp-json\/wp\/v2\/pages"}],"about":[{"href":"http:\/\/openvoice.com.co\/ov\/wp-json\/wp\/v2\/types\/page"}],"author":[{"embeddable":true,"href":"http:\/\/openvoice.com.co\/ov\/wp-json\/wp\/v2\/users\/1"}],"replies":[{"embeddable":true,"href":"http:\/\/openvoice.com.co\/ov\/wp-json\/wp\/v2\/comments?post=51399"}],"version-history":[{"count":25,"href":"http:\/\/openvoice.com.co\/ov\/wp-json\/wp\/v2\/pages\/51399\/revisions"}],"predecessor-version":[{"id":51614,"href":"http:\/\/openvoice.com.co\/ov\/wp-json\/wp\/v2\/pages\/51399\/revisions\/51614"}],"wp:attachment":[{"href":"http:\/\/openvoice.com.co\/ov\/wp-json\/wp\/v2\/media?parent=51399"}],"curies":[{"name":"wp","href":"https:\/\/api.w.org\/{rel}","templated":true}]}}