{"id":48065,"date":"2018-05-19T13:31:55","date_gmt":"2018-05-19T13:31:55","guid":{"rendered":"https:\/\/logity.co\/openvoice\/?page_id=48065"},"modified":"2022-05-31T07:37:02","modified_gmt":"2022-05-31T12:37:02","slug":"empresa","status":"publish","type":"page","link":"https:\/\/openvoice.com.co\/ov\/empresa\/","title":{"rendered":"La Empresa"},"content":{"rendered":"<p>[et_pb_section fb_built=\u00bb1&#8243; custom_padding_last_edited=\u00bbon|phone\u00bb admin_label=\u00bbPage Header\u00bb _builder_version=\u00bb4.16&#8243; background_color=\u00bb#3ea9f5&#8243; background_image=\u00bbhttps:\/\/logity.co\/openvoice\/wp-content\/uploads\/2018\/06\/background-textures.png\u00bb custom_padding=\u00bb|||\u00bb custom_padding_tablet=\u00bb\u00bb custom_padding_phone=\u00bb0px||0px|\u00bb hover_enabled=\u00bb0&#8243; global_colors_info=\u00bb{}\u00bb sticky_enabled=\u00bb0&#8243;][et_pb_row _builder_version=\u00bb4.16&#8243; background_size=\u00bbinitial\u00bb background_position=\u00bbtop_left\u00bb background_repeat=\u00bbrepeat\u00bb background_blend=\u00bbmultiply\u00bb custom_padding=\u00bb|||\u00bb animation_direction=\u00bbtop\u00bb global_colors_info=\u00bb{}\u00bb][et_pb_column type=\u00bb4_4&#8243; _builder_version=\u00bb4.16&#8243; custom_padding=\u00bb|||\u00bb global_colors_info=\u00bb{}\u00bb custom_padding__hover=\u00bb|||\u00bb][et_pb_text _builder_version=\u00bb4.17.4&#8243; text_font=\u00bb||||||||\u00bb text_text_color=\u00bb#ffffff\u00bb header_font=\u00bbSF Bold|700|||||||dotted\u00bb header_text_color=\u00bb#ffffff\u00bb header_font_size=\u00bb45px\u00bb header_letter_spacing=\u00bb5px\u00bb header_line_height=\u00bb1.3em\u00bb background_size=\u00bbinitial\u00bb background_position=\u00bbtop_left\u00bb background_repeat=\u00bbrepeat\u00bb custom_margin=\u00bb|||\u00bb hover_enabled=\u00bb0&#8243; header_font_size_tablet=\u00bb30px\u00bb header_font_size_phone=\u00bb26px\u00bb header_font_size_last_edited=\u00bbon|phone\u00bb locked=\u00bboff\u00bb global_colors_info=\u00bb{}\u00bb sticky_enabled=\u00bb0&#8243;]<\/p>\n<h1>La Empresa<\/h1>\n<p>[\/et_pb_text][et_pb_divider color=\u00bb#ffffff\u00bb divider_weight=\u00bb5px\u00bb disabled_on=\u00bboff|off|off\u00bb _builder_version=\u00bb4.16&#8243; max_width=\u00bb120px\u00bb max_width_tablet=\u00bb26%\u00bb max_width_phone=\u00bb22%\u00bb max_width_last_edited=\u00bbon|phone\u00bb module_alignment=\u00bbleft\u00bb height=\u00bb0px\u00bb custom_margin=\u00bb-30px|||\u00bb custom_margin_tablet=\u00bb\u00bb custom_margin_phone=\u00bb\u00bb custom_margin_last_edited=\u00bbon|desktop\u00bb custom_padding=\u00bb|||\u00bb animation_direction=\u00bbtop\u00bb global_colors_info=\u00bb{}\u00bb]&nbsp;<br \/>\n[\/et_pb_divider][\/et_pb_column][\/et_pb_row][\/et_pb_section][et_pb_section fb_built=\u00bb1&#8243; admin_label=\u00bbAbout Us Section\u00bb module_id=\u00bbempresa\u00bb _builder_version=\u00bb4.17.4&#8243; background_color=\u00bbrgba(132,196,63,0.15)\u00bb background_image=\u00bbhttps:\/\/logity.co\/openvoice\/wp-content\/uploads\/2018\/05\/fondo.png\u00bb parallax=\u00bbon\u00bb background_video_width=\u00bb1920&#8243; background_video_height=\u00bb1080&#8243; background_video_pause_outside_viewport=\u00bboff\u00bb custom_margin=\u00bb|||\u00bb custom_margin_tablet=\u00bb\u00bb custom_margin_phone=\u00bb|||\u00bb custom_margin_last_edited=\u00bbon|desktop\u00bb custom_padding=\u00bb|||\u00bb animation_direction=\u00bbtop\u00bb hover_enabled=\u00bb0&#8243; global_colors_info=\u00bb{}\u00bb sticky_enabled=\u00bb0&#8243;][et_pb_row column_structure=\u00bb1_2,1_2&#8243; admin_label=\u00bbAbout Us Area\u00bb _builder_version=\u00bb4.16&#8243; background_size=\u00bbinitial\u00bb background_position=\u00bbtop_left\u00bb background_repeat=\u00bbrepeat\u00bb custom_padding=\u00bb27px|0px|0px|0px\u00bb global_colors_info=\u00bb{}\u00bb][et_pb_column type=\u00bb1_2&#8243; _builder_version=\u00bb4.16&#8243; custom_padding=\u00bb|||\u00bb global_colors_info=\u00bb{}\u00bb custom_padding__hover=\u00bb|||\u00bb][et_pb_text admin_label=\u00bbTitle\u00bb _builder_version=\u00bb4.16&#8243; text_font=\u00bb||||||||\u00bb text_text_color=\u00bb#747d88&#8243; text_font_size=\u00bb16px\u00bb text_line_height=\u00bb1.9em\u00bb header_font=\u00bb||||||||\u00bb header_text_align=\u00bbleft\u00bb header_2_font=\u00bbSF Bold|700|||||||\u00bb header_2_text_align=\u00bbcenter\u00bb header_2_text_color=\u00bb#0d4874&#8243; header_2_font_size=\u00bb32px\u00bb header_2_letter_spacing=\u00bb1px\u00bb header_3_font=\u00bbSF Thin||||||||\u00bb header_3_text_align=\u00bbjustify\u00bb header_3_font_size=\u00bb18px\u00bb header_3_line_height=\u00bb1.3em\u00bb header_4_font=\u00bb||||||||\u00bb background_color=\u00bb#f7f7f7&#8243; background_size=\u00bbinitial\u00bb background_position=\u00bbtop_left\u00bb background_repeat=\u00bbrepeat\u00bb max_width=\u00bb700px\u00bb module_alignment=\u00bbleft\u00bb custom_margin=\u00bb|||\u00bb custom_padding=\u00bb10%|10%|10%|10%\u00bb custom_padding_tablet=\u00bb\u00bb custom_padding_phone=\u00bb\u00bb custom_padding_last_edited=\u00bbon|desktop\u00bb animation_direction=\u00bbbottom\u00bb hover_enabled=\u00bb0&#8243; box_shadow_style=\u00bbpreset1&#8243; box_shadow_vertical=\u00bb15px\u00bb box_shadow_blur=\u00bb45px\u00bb box_shadow_color=\u00bbrgba(0,0,0,0.15)\u00bb locked=\u00bboff\u00bb global_colors_info=\u00bb{}\u00bb sticky_enabled=\u00bb0&#8243;]<\/p>\n<h2>Somos la mejor alternativa IP<\/h2>\n<h3>Marcamos la diferencia en seguridad electr\u00f3nica, para hacer que tu hogar u oficina sean realmente\u00a0 inteligentes, En OV construimos con experiencias customizadas para cada uno de nuestros clientes.<\/h3>\n<h3>Nuestra meta, trabajar con el m\u00e1ximo compromiso logrando ventajas competitivas, optimizando recursos\u00a0 y reduciendo\u00a0 costos innecesarios para nuestros clientes.<\/h3>\n<p>[\/et_pb_text][\/et_pb_column][et_pb_column type=\u00bb1_2&#8243; _builder_version=\u00bb4.16&#8243; custom_padding=\u00bb|||\u00bb global_colors_info=\u00bb{}\u00bb custom_padding__hover=\u00bb|||\u00bb][et_pb_text admin_label=\u00bbTitle\u00bb _builder_version=\u00bb4.16&#8243; text_font=\u00bbMontserrat||||||||\u00bb text_text_color=\u00bb#747d88&#8243; text_font_size=\u00bb16px\u00bb text_line_height=\u00bb1.9em\u00bb header_font=\u00bb||||||||\u00bb header_text_align=\u00bbleft\u00bb header_2_font=\u00bb|700|||||||\u00bb header_2_text_align=\u00bbcenter\u00bb header_2_font_size=\u00bb32px\u00bb header_2_letter_spacing=\u00bb1px\u00bb header_3_font=\u00bbSF Thin||||||||\u00bb header_3_text_align=\u00bbjustify\u00bb header_3_text_color=\u00bb#0d4874&#8243; header_3_font_size=\u00bb18px\u00bb header_3_line_height=\u00bb1.3em\u00bb background_color=\u00bb#f7f7f7&#8243; background_size=\u00bbinitial\u00bb background_position=\u00bbtop_left\u00bb background_repeat=\u00bbrepeat\u00bb max_width=\u00bb700px\u00bb module_alignment=\u00bbleft\u00bb custom_margin=\u00bb200px|||\u00bb custom_margin_tablet=\u00bb\u00bb custom_margin_phone=\u00bb0px|||\u00bb custom_margin_last_edited=\u00bbon|phone\u00bb custom_padding=\u00bb10%|10%|10%|10%||true\u00bb animation_direction=\u00bbbottom\u00bb box_shadow_style=\u00bbpreset1&#8243; box_shadow_vertical=\u00bb15px\u00bb box_shadow_blur=\u00bb45px\u00bb box_shadow_color=\u00bbrgba(0,0,0,0.15)\u00bb locked=\u00bboff\u00bb global_colors_info=\u00bb{}\u00bb]<\/p>\n<h2>Tu aliado estrat\u00e9gico<\/h2>\n<h3>Nuestro equipo de profesionales est\u00e1 ampliamente capacitado para brindarle la mejor soluci\u00f3n y asesor\u00eda integral, convirti\u00e9ndonos en mucho m\u00e1s que un proveedor.<\/h3>\n<p>[\/et_pb_text][\/et_pb_column][\/et_pb_row][\/et_pb_section][et_pb_section fb_built=\u00bb1&#8243; custom_padding_last_edited=\u00bbon|phone\u00bb admin_label=\u00bbOther Recent Works Section\u00bb module_id=\u00bbsomos\u00bb _builder_version=\u00bb4.16&#8243; background_color=\u00bbrgba(62,169,245,0.15)\u00bb background_image=\u00bbhttps:\/\/logity.co\/openvoice\/wp-content\/uploads\/2018\/05\/fondo.png\u00bb custom_margin=\u00bb|||\u00bb custom_padding=\u00bb60px||110px|\u00bb custom_padding_tablet=\u00bb\u00bb custom_padding_phone=\u00bb50px||50px|\u00bb global_colors_info=\u00bb{}\u00bb][et_pb_row column_structure=\u00bb2_3,1_3&#8243; use_custom_gutter=\u00bbon\u00bb gutter_width=\u00bb2&#8243; admin_label=\u00bbOther Recent Works Area\u00bb _builder_version=\u00bb4.16&#8243; background_size=\u00bbinitial\u00bb background_position=\u00bbtop_left\u00bb background_repeat=\u00bbrepeat\u00bb max_width=\u00bb80%\u00bb use_custom_width=\u00bbon\u00bb width_unit=\u00bboff\u00bb global_colors_info=\u00bb{}\u00bb][et_pb_column type=\u00bb2_3&#8243; _builder_version=\u00bb4.16&#8243; custom_padding=\u00bb|||\u00bb global_colors_info=\u00bb{}\u00bb custom_padding__hover=\u00bb|||\u00bb][et_pb_accordion open_toggle_text_color=\u00bb#0d4874&#8243; open_toggle_background_color=\u00bbrgba(255,255,255,0.2)\u00bb closed_toggle_text_color=\u00bb#0d4874&#8243; closed_toggle_background_color=\u00bbrgba(255,255,255,0.2)\u00bb icon_color=\u00bb#0d4874&#8243; _builder_version=\u00bb4.16&#8243; toggle_text_color=\u00bb#0d4874&#8243; toggle_level=\u00bbh1&#8243; toggle_font=\u00bbSF Bold|700|||||||\u00bb toggle_text_align=\u00bbleft\u00bb toggle_font_size=\u00bb20px\u00bb toggle_line_height=\u00bb1.2em\u00bb body_font=\u00bbSF Thin||||||||\u00bb body_text_align=\u00bbjustify\u00bb body_text_color=\u00bb#0d4874&#8243; body_font_size=\u00bb16px\u00bb custom_padding=\u00bb|30px||30px||true\u00bb custom_padding_tablet=\u00bb|5px||5px||true\u00bb custom_padding_phone=\u00bb|5px||5px||true\u00bb custom_padding_last_edited=\u00bbon|tablet\u00bb animation_direction=\u00bbleft\u00bb toggle_font_size_tablet=\u00bb20px\u00bb toggle_font_size_phone=\u00bb17px\u00bb toggle_font_size_last_edited=\u00bbon|phone\u00bb body_font_size_phone=\u00bb18px\u00bb body_font_size_last_edited=\u00bboff|desktop\u00bb border_color_all=\u00bb#0d4874&#8243; global_colors_info=\u00bb{}\u00bb][et_pb_accordion_item title=\u00bbNuestros Valores\u00bb open=\u00bbon\u00bb _builder_version=\u00bb4.16&#8243; global_colors_info=\u00bb{}\u00bb]Los valores gu\u00edan las acciones y el comportamiento de nuestra empresa, colaboradores y aliados estrat\u00e9gicos para la consecuci\u00f3n de las metas propuestas<\/p>\n<ul>\n<li>Compromiso: nos esforzamos continuamente en dar lo mejor de nosotros mismos para el cumplimiento de los objetivos establecidos.<\/li>\n<li>Colaboraci\u00f3n: somos un equipo de trabajo. Fomentamos la participaci\u00f3n de todos para lograr un objetivo com\u00fan, compartiendo informaci\u00f3n y conocimientos.<\/li>\n<li>Transparencia: somos \u00edntegros en todas nuestras actuaciones.<\/li>\n<li>Responsabilidad: tomamos decisiones conscientemente y aceptamos las consecuencias de nuestras acciones.<\/li>\n<li>Esfuerzo: centramos nuestro esfuerzo en la satisfacci\u00f3n del cliente, aportando soluciones competitivas y de calidad.<\/li>\n<li>Pasi\u00f3n: estamos comprometidos de coraz\u00f3n con el equipo de trabajo y la organizaci\u00f3n.<\/li>\n<li>Creatividad e innovaci\u00f3n: hacemos lo impensable, lo que es imposible para otros.<\/li>\n<li>Mejoramiento continuo: buscamos constantemente la excelencia.<\/li>\n<\/ul>\n<p>[\/et_pb_accordion_item][et_pb_accordion_item title=\u00bbNuestra Misi\u00f3n\u00bb _builder_version=\u00bb4.16&#8243; global_colors_info=\u00bb{}\u00bb open=\u00bboff\u00bb]Desarrollar, comercializar y distribuir productos de comunicaci\u00f3n IP y seguridad electr\u00f3nica basados sobre Internet, que superen las expectativas de nuestros clientes y consumidores, para ser cada vez m\u00e1s competitivos y mantener un amplio liderazgo en el mercado.<br \/>\n[\/et_pb_accordion_item][et_pb_accordion_item title=\u00bbNuestra Visi\u00f3n\u00bb _builder_version=\u00bb4.16&#8243; global_colors_info=\u00bb{}\u00bb open=\u00bboff\u00bb]<\/p>\n<ul>\n<li>Miembros del equipo OV: ser una excelente empresa donde trabajar, que nuestras personas se sientan ampliamente motivadas para dar cada d\u00eda lo mejor de s\u00ed mismas.<\/li>\n<li>Nuestro saber hacer: ofrecer productos y servicios de excelente calidad que anticipen y satisfagan los deseos y necesidades de nuestros clientes y consumidores.<\/li>\n<li>Aliados estrat\u00e9gicos: crear lazos de confianza y beneficio mutuo que nos permitan tener alianzas verdaderas y duraderas.<\/li>\n<li>Planeta: buscar construir un mundo mejor, no contaminando el medio ambiente, no ejerciendo pr\u00e1cticas comerciales corruptivas, siendo solidarios con nuestros semejantes.<\/li>\n<li>Beneficio: obtener el m\u00e1ximo rendimiento financiero para nuestros socios y accionistas sin perder el enfoque de la compa\u00f1\u00eda.<\/li>\n<li>Productividad: ser una compa\u00f1\u00eda ampliamente efectiva y din\u00e1mica.<\/li>\n<\/ul>\n<p>[\/et_pb_accordion_item][\/et_pb_accordion][\/et_pb_column][et_pb_column type=\u00bb1_3&#8243; _builder_version=\u00bb4.16&#8243; custom_padding=\u00bb|||\u00bb global_colors_info=\u00bb{}\u00bb custom_padding__hover=\u00bb|||\u00bb][et_pb_image src=\u00bbhttps:\/\/logity.co\/openvoice\/wp-content\/uploads\/2018\/06\/company.png\u00bb align_tablet=\u00bbcenter\u00bb align_phone=\u00bbcenter\u00bb align_last_edited=\u00bbon|desktop\u00bb _builder_version=\u00bb4.16&#8243; locked=\u00bboff\u00bb global_colors_info=\u00bb{}\u00bb]&nbsp;<br \/>\n[\/et_pb_image][\/et_pb_column][\/et_pb_row][\/et_pb_section][et_pb_section fb_built=\u00bb1&#8243; module_class=\u00bbpie\u00bb _builder_version=\u00bb3.22.3&#8243; background_color=\u00bb#4c4c4c\u00bb background_blend=\u00bboverlay\u00bb global_module=\u00bb49381&#8243; global_colors_info=\u00bb{}\u00bb][et_pb_row column_structure=\u00bb1_4,1_4,1_4,1_4&#8243; _builder_version=\u00bb4.16&#8243; custom_margin_tablet=\u00bb\u00bb custom_margin_phone=\u00bb-15px|||\u00bb custom_margin_last_edited=\u00bbon|phone\u00bb global_colors_info=\u00bb{}\u00bb][et_pb_column type=\u00bb1_4&#8243; _builder_version=\u00bb4.16&#8243; custom_padding=\u00bb|||\u00bb global_colors_info=\u00bb{}\u00bb custom_padding__hover=\u00bb|||\u00bb][et_pb_image src=\u00bb\/openvoice\/wp-content\/uploads\/2018\/06\/Logo-OV-b.png\u00bb show_bottom_space=\u00bboff\u00bb align=\u00bbcenter\u00bb align_tablet=\u00bbcenter\u00bb align_phone=\u00bb\u00bb align_last_edited=\u00bbon|desktop\u00bb _builder_version=\u00bb4.17.4&#8243; max_width=\u00bb70%\u00bb max_width_tablet=\u00bb54%\u00bb max_width_phone=\u00bb40%\u00bb max_width_last_edited=\u00bbon|phone\u00bb module_alignment=\u00bbcenter\u00bb custom_margin=\u00bb|||\u00bb custom_margin_tablet=\u00bb\u00bb custom_margin_phone=\u00bb-30px|||\u00bb custom_margin_last_edited=\u00bbon|phone\u00bb custom_padding=\u00bb|||\u00bb global_colors_info=\u00bb{}\u00bb]<\/p>\n<p>\u00a0<\/p>\n<p>[\/et_pb_image][\/et_pb_column][et_pb_column type=\u00bb1_4&#8243; _builder_version=\u00bb4.16&#8243; custom_padding=\u00bb|||\u00bb global_colors_info=\u00bb{}\u00bb custom_padding__hover=\u00bb|||\u00bb][et_pb_text _builder_version=\u00bb4.16&#8243; text_font=\u00bbSF Regular||||||||\u00bb text_text_color=\u00bb#ffffff\u00bb text_font_size=\u00bb16px\u00bb header_font=\u00bb||||||||\u00bb custom_margin=\u00bb||5px|30px\u00bb custom_margin_tablet=\u00bb|||0px\u00bb custom_margin_phone=\u00bb30px|||\u00bb custom_margin_last_edited=\u00bbon|phone\u00bb global_colors_info=\u00bb{}\u00bb]<\/p>\n<p>La Empresa<\/p>\n<p>[\/et_pb_text][et_pb_text _builder_version=\u00bb4.17.4&#8243; text_font=\u00bbSF Regular||||||||\u00bb text_text_color=\u00bbrgba(255,255,255,0.5)\u00bb text_font_size=\u00bb16px\u00bb custom_margin=\u00bb||5px|30px\u00bb custom_margin_tablet=\u00bb|||0px\u00bb custom_margin_phone=\u00bb\u00bb custom_margin_last_edited=\u00bbon|phone\u00bb global_colors_info=\u00bb{}\u00bb]<span style=\"color: #999999;\"><a style=\"color: #999999;\" href=\"\/empresa\/#empresa\">Quienes somos<\/a><\/span>[\/et_pb_text][et_pb_text _builder_version=\u00bb4.17.4&#8243; text_font=\u00bbSF Regular||||||||\u00bb text_text_color=\u00bbrgba(255,255,255,0.5)\u00bb text_font_size=\u00bb16px\u00bb custom_margin=\u00bb||5px|30px\u00bb custom_margin_tablet=\u00bb|||0px\u00bb custom_margin_phone=\u00bb\u00bb custom_margin_last_edited=\u00bbon|phone\u00bb global_colors_info=\u00bb{}\u00bb]<span style=\"color: #999999;\"><a style=\"color: #999999;\" href=\"\/empresa\/#somos\">Identidad corporativa<\/a><\/span>[\/et_pb_text][et_pb_text _builder_version=\u00bb4.17.4&#8243; text_font=\u00bbSF Regular||||||||\u00bb text_text_color=\u00bbrgba(255,255,255,0.5)\u00bb text_font_size=\u00bb16px\u00bb custom_margin=\u00bb||25px|30px\u00bb custom_margin_tablet=\u00bb|||0px\u00bb custom_margin_phone=\u00bb\u00bb custom_margin_last_edited=\u00bbon|phone\u00bb global_colors_info=\u00bb{}\u00bb]<\/p>\n<p><span style=\"color: #00ccff;\"><a style=\"color: #00ccff;\" href=\"http:\/\/www.logity.com\" target=\"_blank\" rel=\"noopener noreferrer\">Ir a Logity<\/a><\/span><\/p>\n<p>[\/et_pb_text][et_pb_text module_class=\u00bbredes\u00bb _builder_version=\u00bb4.17.4&#8243; max_width_last_edited=\u00bboff|desktop\u00bb custom_margin=\u00bb|||30px\u00bb custom_margin_tablet=\u00bb|40px||0px\u00bb custom_margin_phone=\u00bb-180px|0px|110px|70px\u00bb custom_margin_last_edited=\u00bbon|phone\u00bb custom_css_main_element=\u00bb ||\u00bb global_colors_info=\u00bb{}\u00bb]<a title=\"Facebook\" href=\"https:\/\/www.facebook.com\/Openvoiceoficial\" target=\"_blank\" rel=\"noopener noreferrer\"><img loading=\"lazy\" decoding=\"async\" class=\"alignnone\" src=\"\/openvoice\/wp-content\/uploads\/2018\/06\/Icon-face-3.png\" alt=\"Facebook Openvoice oficial\" width=\"38\" height=\"35\" \/><\/a><a title=\"Twitter\" href=\"https:\/\/twitter.com\/openvoiceco\" target=\"_blank\" rel=\"noopener noreferrer\">\u00a0\u00a0<\/a><a href=\"https:\/\/twitter.com\/openvoiceco\" target=\"_blank\" rel=\"noopener noreferrer\"><img loading=\"lazy\" decoding=\"async\" class=\"alignnone\" src=\"\/openvoice\/wp-content\/uploads\/2018\/06\/Icon-twi-3.png\" alt=\"Twitter Openvoiceco\" width=\"38\" height=\"35\" \/><\/a>\u00a0<a title=\"Twitter\" href=\"https:\/\/twitter.com\/openvoiceco\" target=\"_blank\" rel=\"noopener noreferrer\">\u00a0<\/a><a title=\"Instagram\" href=\"https:\/\/www.instagram.com\/open_voice\/\" target=\"_blank\" rel=\"noopener noreferrer\"><img loading=\"lazy\" decoding=\"async\" class=\"alignnone\" src=\"\/openvoice\/wp-content\/uploads\/2018\/06\/Icon-ins-3.png\" alt=\"Instagram open_voice\" width=\"38\" height=\"35\" \/><\/a>[\/et_pb_text][\/et_pb_column][et_pb_column type=\u00bb1_4&#8243; _builder_version=\u00bb4.16&#8243; custom_padding=\u00bb|||\u00bb global_colors_info=\u00bb{}\u00bb custom_padding__hover=\u00bb|||\u00bb][et_pb_text _builder_version=\u00bb4.16&#8243; text_font=\u00bbSF Regular||||||||\u00bb text_text_color=\u00bb#ffffff\u00bb text_font_size=\u00bb16px\u00bb header_font=\u00bb||||||||\u00bb custom_margin=\u00bb||5px|\u00bb global_colors_info=\u00bb{}\u00bb]<\/p>\n<p>Seguridad IP<\/p>\n<p>[\/et_pb_text][et_pb_text _builder_version=\u00bb4.17.4&#8243; text_font=\u00bbSF Regular||||||||\u00bb text_text_color=\u00bbrgba(255,255,255,0.5)\u00bb text_font_size=\u00bb16px\u00bb custom_margin=\u00bb||5px|\u00bb global_colors_info=\u00bb{}\u00bb]<span style=\"color: #999999;\"><a style=\"color: #999999;\" href=\"\/seguridad\/#citofonia\">Citofon\u00eda IP<\/a><\/span>[\/et_pb_text][et_pb_text _builder_version=\u00bb4.17.4&#8243; text_font=\u00bbSF Regular||||||||\u00bb text_text_color=\u00bbrgba(255,255,255,0.5)\u00bb text_font_size=\u00bb16px\u00bb custom_margin=\u00bb||5px|\u00bb global_colors_info=\u00bb{}\u00bb]<span style=\"color: #999999;\"><a style=\"color: #999999;\" href=\"\/seguridad\/#video\">V\u00eddeo Vigilancia<\/a><\/span>[\/et_pb_text][et_pb_text _builder_version=\u00bb4.17.4&#8243; text_font=\u00bbSF Regular||||||||\u00bb text_text_color=\u00bbrgba(255,255,255,0.5)\u00bb text_font_size=\u00bb16px\u00bb header_font=\u00bb||||||||\u00bb custom_margin=\u00bb||5px|\u00bb global_colors_info=\u00bb{}\u00bb]<span style=\"color: #999999;\"><a style=\"color: #999999;\" href=\"\/seguridad\/#peatonal\">Control Peatonal<\/a><\/span>[\/et_pb_text][et_pb_text _builder_version=\u00bb4.17.4&#8243; text_font=\u00bbSF Regular||||||||\u00bb text_text_color=\u00bbrgba(255,255,255,0.5)\u00bb text_font_size=\u00bb16px\u00bb custom_margin=\u00bb||5px|\u00bb global_colors_info=\u00bb{}\u00bb]<span style=\"color: #999999;\"><a style=\"color: #999999;\" href=\"\/seguridad\/#vehicular\">Control Vehicular<\/a><\/span>[\/et_pb_text][et_pb_text _builder_version=\u00bb4.17.4&#8243; text_font=\u00bbSF Regular||||||||\u00bb text_text_color=\u00bbrgba(255,255,255,0.5)\u00bb text_font_size=\u00bb16px\u00bb custom_margin=\u00bb||5px|\u00bb global_colors_info=\u00bb{}\u00bb]<span style=\"color: #999999;\"><a style=\"color: #999999;\" href=\"\/seguridad\/#control\">Control de Intrusos<\/a><\/span>[\/et_pb_text][et_pb_text _builder_version=\u00bb4.17.4&#8243; text_font=\u00bbSF Regular||||||||\u00bb text_text_color=\u00bbrgba(255,255,255,0.5)\u00bb text_font_size=\u00bb16px\u00bb custom_margin=\u00bb||5px|\u00bb global_colors_info=\u00bb{}\u00bb]<span style=\"color: #999999;\"><a style=\"color: #999999;\" href=\"\/seguridad\/#domotica\">Dom\u00f3tica e Inm\u00f3tica<\/a><\/span>[\/et_pb_text][\/et_pb_column][et_pb_column type=\u00bb1_4&#8243; _builder_version=\u00bb4.16&#8243; custom_padding=\u00bb|||\u00bb global_colors_info=\u00bb{}\u00bb custom_padding__hover=\u00bb|||\u00bb][et_pb_text _builder_version=\u00bb4.16&#8243; text_font=\u00bbSF Regular||||||||\u00bb text_text_color=\u00bb#ffffff\u00bb text_font_size=\u00bb16px\u00bb custom_margin=\u00bb||5px|\u00bb global_colors_info=\u00bb{}\u00bb]<\/p>\n<p>Telefon\u00eda IP<\/p>\n<p>[\/et_pb_text][et_pb_text _builder_version=\u00bb4.17.4&#8243; text_font=\u00bbSF Regular||||||||\u00bb text_text_color=\u00bbrgba(255,255,255,0.5)\u00bb text_font_size=\u00bb16px\u00bb custom_margin=\u00bb||5px|\u00bb global_colors_info=\u00bb{}\u00bb]<span style=\"color: #999999;\"><a style=\"color: #999999;\" href=\"\/telefonia\/#pin\">Pin Telef\u00f3nico OV<\/a><\/span>[\/et_pb_text][et_pb_text _builder_version=\u00bb4.17.4&#8243; text_font=\u00bbSF Regular||||||||\u00bb text_text_color=\u00bbrgba(255,255,255,0.5)\u00bb text_font_size=\u00bb16px\u00bb custom_margin=\u00bb||5px|\u00bb global_colors_info=\u00bb{}\u00bb]<span style=\"color: #999999;\"><a style=\"color: #999999;\" href=\"\/telefonia\/#cabinas\">Cabinas y Call Shops<\/a><\/span>[\/et_pb_text][et_pb_text _builder_version=\u00bb4.17.4&#8243; text_font=\u00bbSF Regular||||||||\u00bb text_text_color=\u00bbrgba(255,255,255,0.5)\u00bb text_font_size=\u00bb16px\u00bb custom_margin=\u00bb||5px|\u00bb global_colors_info=\u00bb{}\u00bb]<span style=\"color: #999999;\"><a style=\"color: #999999;\" href=\"\/telefonia\/#mayorista\">OV Mayorista<\/a><\/span>[\/et_pb_text][et_pb_text _builder_version=\u00bb4.17.4&#8243; text_font=\u00bbSF Regular||||||||\u00bb text_text_color=\u00bbrgba(255,255,255,0.5)\u00bb text_font_size=\u00bb16px\u00bb header_font=\u00bb||||||||\u00bb custom_margin=\u00bb||5px|\u00bb global_colors_info=\u00bb{}\u00bb]<span style=\"color: #999999;\"><a style=\"color: #999999;\" href=\"\/telefonia\/#pbx\">PBX Pilvi<\/a>x<\/span>[\/et_pb_text][et_pb_text _builder_version=\u00bb4.17.4&#8243; text_font=\u00bbSF Regular||||||||\u00bb text_text_color=\u00bbrgba(255,255,255,0.5)\u00bb text_font_size=\u00bb16px\u00bb custom_margin=\u00bb||5px|\u00bb global_colors_info=\u00bb{}\u00bb]<span style=\"color: #999999;\"><a style=\"color: #999999;\" href=\"\/telefonia\/#redes\">Infraestructura de redes<\/a><\/span>[\/et_pb_text][et_pb_text _builder_version=\u00bb4.17.4&#8243; text_font=\u00bbSF Regular||||||||\u00bb text_text_color=\u00bbrgba(255,255,255,0.5)\u00bb text_font_size=\u00bb16px\u00bb custom_margin=\u00bb||25px|0px\u00bb custom_margin_tablet=\u00bb|||0px\u00bb custom_margin_phone=\u00bb\u00bb custom_margin_last_edited=\u00bbon|phone\u00bb global_colors_info=\u00bb{}\u00bb]<span style=\"color: #00ccff;\"><a style=\"color: #00ccff;\" href=\"\/contacto\/#redes\">Cont\u00e1ctanos<\/a><\/span>[\/et_pb_text][\/et_pb_column][\/et_pb_row][et_pb_row _builder_version=\u00bb4.16&#8243; custom_padding=\u00bb30px|0px|0|0px|false|false\u00bb global_colors_info=\u00bb{}\u00bb][et_pb_column type=\u00bb4_4&#8243; _builder_version=\u00bb4.16&#8243; custom_padding=\u00bb|||\u00bb global_colors_info=\u00bb{}\u00bb custom_padding__hover=\u00bb|||\u00bb][et_pb_divider color=\u00bbrgba(126,211,247,0.61)\u00bb _builder_version=\u00bb4.16&#8243; height=\u00bb0px\u00bb custom_margin=\u00bb||10px|\u00bb custom_margin_tablet=\u00bb\u00bb custom_margin_phone=\u00bb-60px||-5px|\u00bb custom_margin_last_edited=\u00bbon|phone\u00bb global_colors_info=\u00bb{}\u00bb]<\/p>\n<p>\u00a0<\/p>\n<p>[\/et_pb_divider][et_pb_text _builder_version=\u00bb4.17.4&#8243; text_font=\u00bbSF Thin||||||||\u00bb text_text_color=\u00bb#ffffff\u00bb text_font_size=\u00bb16px\u00bb text_orientation=\u00bbcenter\u00bb custom_margin_tablet=\u00bb\u00bb custom_margin_phone=\u00bb30px||-40px|\u00bb custom_margin_last_edited=\u00bbon|phone\u00bb custom_padding=\u00bb|||||false\u00bb custom_padding_phone=\u00bb|0px||0px||true\u00bb custom_padding_last_edited=\u00bboff|desktop\u00bb text_font_size_tablet=\u00bb12px\u00bb text_font_size_phone=\u00bb12px\u00bb text_font_size_last_edited=\u00bbon|phone\u00bb global_colors_info=\u00bb{}\u00bb]<span style=\"color: #ffffff;\">Copyright \u24b8 2022 &#8211; Open Voice &#8211; All rights reserved &#8211;\u00a0<a style=\"color: #ffffff;\" href=\"mailto:webmaster@openvoive.com.co\">Web Master<\/a>\u00a0\u00a0 \u00a0 \u00a0 \u00a0l\u00a0 \u00a0 \u00a0 \u00a0\u00a0<a style=\"color: #ffffff;\" href=\"\/privacidad\" target=\"_blank\" rel=\"noopener noreferrer\">Pol\u00edticas de uso y privacidad<\/a>\u00a0 \u00a0 \u00a0 \u00a0 l\u00a0 \u00a0 \u00a0<a style=\"color: #ffffff;\" href=\"\/datos\" target=\"_blank\" rel=\"noopener noreferrer\">Pol\u00edticas de datos<\/a><\/span>[\/et_pb_text][\/et_pb_column][\/et_pb_row][\/et_pb_section]<\/p>\n","protected":false},"excerpt":{"rendered":"<p>La Empresa&nbsp; Somos la mejor alternativa IP Marcamos la diferencia en seguridad electr\u00f3nica, para hacer que tu hogar u oficina sean realmente\u00a0 inteligentes, En OV construimos con experiencias customizadas para cada uno de nuestros clientes. Nuestra meta, trabajar con el m\u00e1ximo compromiso logrando ventajas competitivas, optimizando recursos\u00a0 y reduciendo\u00a0 costos innecesarios para nuestros clientes. Tu [&hellip;]<\/p>\n","protected":false},"author":1,"featured_media":0,"parent":0,"menu_order":0,"comment_status":"closed","ping_status":"closed","template":"","meta":{"_et_pb_use_builder":"on","_et_pb_old_content":"","_et_gb_content_width":"","footnotes":""},"class_list":["post-48065","page","type-page","status-publish","hentry"],"_links":{"self":[{"href":"https:\/\/openvoice.com.co\/ov\/wp-json\/wp\/v2\/pages\/48065","targetHints":{"allow":["GET"]}}],"collection":[{"href":"https:\/\/openvoice.com.co\/ov\/wp-json\/wp\/v2\/pages"}],"about":[{"href":"https:\/\/openvoice.com.co\/ov\/wp-json\/wp\/v2\/types\/page"}],"author":[{"embeddable":true,"href":"https:\/\/openvoice.com.co\/ov\/wp-json\/wp\/v2\/users\/1"}],"replies":[{"embeddable":true,"href":"https:\/\/openvoice.com.co\/ov\/wp-json\/wp\/v2\/comments?post=48065"}],"version-history":[{"count":120,"href":"https:\/\/openvoice.com.co\/ov\/wp-json\/wp\/v2\/pages\/48065\/revisions"}],"predecessor-version":[{"id":53098,"href":"https:\/\/openvoice.com.co\/ov\/wp-json\/wp\/v2\/pages\/48065\/revisions\/53098"}],"wp:attachment":[{"href":"https:\/\/openvoice.com.co\/ov\/wp-json\/wp\/v2\/media?parent=48065"}],"curies":[{"name":"wp","href":"https:\/\/api.w.org\/{rel}","templated":true}]}}