{"id":50759,"date":"2018-06-19T15:04:41","date_gmt":"2018-06-19T20:04:41","guid":{"rendered":"https:\/\/logity.co\/openvoice\/?page_id=50759"},"modified":"2018-06-22T16:22:32","modified_gmt":"2018-06-22T21:22:32","slug":"datos","status":"publish","type":"page","link":"https:\/\/openvoice.com.co\/ov\/datos\/","title":{"rendered":"Datos"},"content":{"rendered":"<p>[et_pb_section bb_built=\u00bb1&#8243; _builder_version=\u00bb3.0.47&#8243; next_background_color=\u00bb#4c4c4c\u00bb][et_pb_row _builder_version=\u00bb3.0.48&#8243; background_size=\u00bbinitial\u00bb background_position=\u00bbtop_left\u00bb background_repeat=\u00bbrepeat\u00bb][et_pb_column type=\u00bb4_4&#8243;][et_pb_text _builder_version=\u00bb3.7&#8243; text_font_size=\u00bb16px\u00bb text_orientation=\u00bbjustified\u00bb header_2_font=\u00bbSF Bold||||||||\u00bb header_2_text_color=\u00bb#0d4874&#8243; header_3_font=\u00bbSF Regular||||||||\u00bb header_3_text_color=\u00bb#0d4874&#8243; text_font=\u00bbSF Thin||||||||\u00bb]<\/p>\n<h2>POL\u00cdTICAS DE TRATAMIENTO DE DATOS PERSONALES<\/h2>\n<p>Su privacidad es muy importante para nosotros. Por esto, desarrollamos una Pol\u00edtica de Tratamiento de Datos Personales que abarca c\u00f3mo recolectamos, usamos, divulgamos, transferimos y almacenamos la informaci\u00f3n que usted nos suministre.<\/p>\n<p>Por favor dedique un momento para familiarizase con nuestras pol\u00edticas de tratamiento de datos personales y, si tiene alguna pregunta, no dude en ponerse en contacto con nosotros.<\/p>\n<p>Dando \u00a0cumplimiento a la ley de protecci\u00f3n de Datos Personales, por medio del presente documento solicitamos su autorizaci\u00f3n para que OPEN VOICE SAS recolecte, almacene y use sus datos personales registrados en el presente formulario, en su base de datos, \u00fanica y exclusivamente para los siguientes fines:<\/p>\n<ol>\n<li>La informaci\u00f3n personal que recolectamos nos permite mantenerlo informado acerca de las \u00faltimas novedades de productos, actualizaciones de software y pr\u00f3ximos eventos que OPEN VOICE SAS organice.<\/li>\n<li>De igual manera, nos permite garantizar un \u00f3ptimo servicio prestado.<\/li>\n<li>Contactarlo por cualquier medio, ya sea correo electr\u00f3nico, tel\u00e9fono fijo, celular, o en la direcci\u00f3n registrada.<\/li>\n<li>Facilitar la correcta ejecuci\u00f3n de las compras y prestaci\u00f3n de los servicios contratados.<\/li>\n<li>Realizar estudios estad\u00edsticos que permitan dise\u00f1ar mejoras en los servicios prestados.<\/li>\n<li>Gestionar tareas b\u00e1sicas de soporte y administraci\u00f3n.<\/li>\n<li>Informar por cualquier medio, las promociones, novedades, productos y servicios relacionados con los eventos y productos editoriales editados y\/o comercializados por OPEN VOICE SAS o sus empresas ASOCIADAS, productos y servicios promovidos directamente por los Aliados estrat\u00e9gicos de OPEN VOICE SAS o de sus empresas ASOCIADAS, que generen valores agregados para usted.<\/li>\n<\/ol>\n<p>De la misma forma, por medio del presente documento solicitamos su autorizaci\u00f3n para que OPEN VOICE SAS comparta sus datos con terceros.<\/p>\n<p>Recuerde que con la presente autorizaci\u00f3n usted tiene derecho a:<\/p>\n<ol>\n<li>Conocer, actualizar y solicitar la rectificaci\u00f3n en cualquier tiempo de sus datos personales.<\/li>\n<li>Solicitar prueba del otorgamiento de la presente autorizaci\u00f3n<\/li>\n<li>Saber del uso que OPEN VOICE SAS o sus empresas ASOCIADAS ha hecho de sus datos personales;<\/li>\n<li>Revocar la presente autorizaci\u00f3n en caso de incumplimiento de los derechos anteriormente enunciados;<\/li>\n<li>Acceder sin costo alguno a sus datos personales previamente autorizados a trav\u00e9s de la l\u00ednea de ATENCION AL CLIENTE: en Bogot\u00e1 al 7423140 Ext 315, al correo electr\u00f3nico info@logity.co, o acudir directamente a la sede de OPEN VOICE SAS ubicada en la Calle 116 A No. 70C-07 de Bogot\u00e1 D.C.<\/li>\n<\/ol>\n<p>Sus datos personales se almacenar\u00e1n de manera segura, habiendo tomado todas las medidas de precauci\u00f3n para proteger su informaci\u00f3n contra adulteraciones, p\u00e9rdidas, consultas, uso o acceso no autorizado o fraudulento. Esto con el objetivo de que su informaci\u00f3n est\u00e9 protegida. Sus datos ser\u00e1n tratados de acuerdo al Manual de Pol\u00edticas y Procedimientos para la protecci\u00f3n de datos personales de OPEN VOICE SAS<\/p>\n<p>Por medio de la presente aceptaci\u00f3n, Usted declara expresamente que la finalidad de la utilizaci\u00f3n por OPEN VOICE SAS. \u00a0d\u00e9 sus datos personales, le ha sido plenamente informada y autoriza de modo expreso que sus datos sean compartidos con terceros, debidamente autorizados por OPEN VOICS SAS., y entregados conforme a las disposiciones de la Ley.<\/p>\n<p>OPEN VOICE SAS puede actualizar su Pol\u00edtica de tratamiento de datos personales peri\u00f3dicamente. Cuando modifiquemos la pol\u00edtica de forma sustancial, se publicar\u00e1 un aviso en nuestro sitio web junto con la Pol\u00edtica de Tratamiento de Datos.<\/p>\n<p>Si Usted no est\u00e1 de acuerdo con el contenido de este aviso legal, le solicitamos expresar claramente que no est\u00e1 dispuesto a proporcionar los datos personales requeridos, o abstenerse de registrar sus datos personales en los formatos que le han sido suministrados.<\/p>\n<h3>OPEN VOICE SAS trabaja cada d\u00eda para que tengamos un mundo mejor.<\/h3>\n<p>&nbsp;<\/p>\n<p>&nbsp;<\/p>\n<p>[\/et_pb_text][\/et_pb_column][\/et_pb_row][\/et_pb_section][et_pb_section bb_built=\u00bb1&#8243; module_class=\u00bbpie\u00bb _builder_version=\u00bb3.7&#8243; background_color=\u00bb#4c4c4c\u00bb background_blend=\u00bboverlay\u00bb prev_background_color=\u00bb#ffffff\u00bb global_module=\u00bb49381&#8243;][et_pb_row global_parent=\u00bb49381&#8243; _builder_version=\u00bb3.3.1&#8243;][et_pb_column type=\u00bb1_4&#8243;][et_pb_image global_parent=\u00bb49381&#8243; src=\u00bbhttps:\/\/logity.co\/openvoice\/wp-content\/uploads\/2018\/06\/Logo-OV-b.png\u00bb show_bottom_space=\u00bboff\u00bb align=\u00bbcenter\u00bb _builder_version=\u00bb3.7&#8243; max_width=\u00bb70%\u00bb max_width_tablet=\u00bb54%\u00bb max_width_phone=\u00bb40%\u00bb max_width_last_edited=\u00bbon|phone\u00bb module_alignment=\u00bbcenter\u00bb custom_margin=\u00bb|||\u00bb custom_margin_phone=\u00bb|||\u00bb custom_margin_last_edited=\u00bboff|desktop\u00bb custom_padding=\u00bb|||\u00bb \/][\/et_pb_column][et_pb_column type=\u00bb1_4&#8243;][et_pb_text global_parent=\u00bb49381&#8243; _builder_version=\u00bb3.6&#8243; text_font=\u00bbSF Regular||||||||\u00bb text_text_color=\u00bb#ffffff\u00bb text_font_size=\u00bb16px\u00bb header_font=\u00bb||||||||\u00bb custom_margin=\u00bb||5px|30px\u00bb custom_margin_tablet=\u00bb|||0px\u00bb custom_margin_last_edited=\u00bbon|phone\u00bb]<\/p>\n<p>La Empresa<\/p>\n<p>[\/et_pb_text][et_pb_text global_parent=\u00bb49381&#8243; _builder_version=\u00bb3.6&#8243; text_font=\u00bbSF Regular||||||||\u00bb text_text_color=\u00bbrgba(255,255,255,0.5)\u00bb text_font_size=\u00bb16px\u00bb custom_margin=\u00bb||5px|30px\u00bb custom_margin_tablet=\u00bb|||0px\u00bb custom_margin_last_edited=\u00bbon|phone\u00bb]<\/p>\n<p><span style=\"color: #999999;\"><a style=\"color: #999999;\" href=\"https:\/\/logity.co\/openvoice\/empresa\/#empresa\">Quienes somos<\/a><\/span><\/p>\n<p>[\/et_pb_text][et_pb_text global_parent=\u00bb49381&#8243; _builder_version=\u00bb3.6&#8243; text_font=\u00bbSF Regular||||||||\u00bb text_text_color=\u00bbrgba(255,255,255,0.5)\u00bb text_font_size=\u00bb16px\u00bb custom_margin=\u00bb||5px|30px\u00bb custom_margin_tablet=\u00bb|||0px\u00bb custom_margin_last_edited=\u00bbon|phone\u00bb]<\/p>\n<p><span style=\"color: #999999;\"><a style=\"color: #999999;\" href=\"https:\/\/logity.co\/openvoice\/empresa\/#somos\">Identidad corporativa<\/a><\/span><\/p>\n<p>[\/et_pb_text][et_pb_text global_parent=\u00bb49381&#8243; _builder_version=\u00bb3.7&#8243; text_font=\u00bbSF Regular||||||||\u00bb text_text_color=\u00bbrgba(255,255,255,0.5)\u00bb text_font_size=\u00bb16px\u00bb custom_margin=\u00bb||25px|30px\u00bb custom_margin_tablet=\u00bb|||0px\u00bb custom_margin_last_edited=\u00bbon|phone\u00bb]<\/p>\n<p><span style=\"color: #00ccff;\"><a style=\"color: #00ccff;\" href=\"http:\/\/www.logity.com\" target=\"_blank\">Ir a Logity<\/a><\/span><\/p>\n<p>[\/et_pb_text][et_pb_text global_parent=\u00bb49381&#8243; module_class=\u00bbredes\u00bb _builder_version=\u00bb3.7&#8243; max_width_tablet=\u00bb55%\u00bb max_width_phone=\u00bb50%\u00bb max_width_last_edited=\u00bbon|tablet\u00bb custom_margin=\u00bb|||30px\u00bb custom_margin_tablet=\u00bb|40px||0px\u00bb custom_margin_phone=\u00bb|40px||\u00bb custom_margin_last_edited=\u00bbon|tablet\u00bb custom_css_main_element=\u00bb ||\u00bb]<\/p>\n<p><a title=\"Facebook\" href=\"https:\/\/www.facebook.com\/Openvoiceoficial\" target=\"_blank\" rel=\"noopener\"><img decoding=\"async\" src=\"https:\/\/logity.co\/openvoice\/wp-content\/uploads\/2018\/06\/Icon-face-3.png\" \/><\/a><a title=\"Twitter\" href=\"https:\/\/twitter.com\/openvoiceco\" target=\"_blank\" rel=\"noopener\"><img decoding=\"async\" src=\"https:\/\/logity.co\/openvoice\/wp-content\/uploads\/2018\/06\/Icon-twi-3.png\" \/>\u00a0\u00a0<\/a><a title=\"Instagram\" href=\"https:\/\/www.instagram.com\/open_voice\/\" target=\"_blank\" rel=\"noopener\"><img decoding=\"async\" src=\"https:\/\/logity.co\/openvoice\/wp-content\/uploads\/2018\/06\/Icon-ins-3.png\" \/><\/a><\/p>\n<p>[\/et_pb_text][\/et_pb_column][et_pb_column type=\u00bb1_4&#8243;][et_pb_text global_parent=\u00bb49381&#8243; _builder_version=\u00bb3.6&#8243; text_font=\u00bbSF Regular||||||||\u00bb text_text_color=\u00bb#ffffff\u00bb text_font_size=\u00bb16px\u00bb header_font=\u00bb||||||||\u00bb custom_margin=\u00bb||5px|\u00bb]<\/p>\n<p>Seguridad IP<\/p>\n<p>[\/et_pb_text][et_pb_text global_parent=\u00bb49381&#8243; _builder_version=\u00bb3.6&#8243; text_font=\u00bbSF Regular||||||||\u00bb text_text_color=\u00bbrgba(255,255,255,0.5)\u00bb text_font_size=\u00bb16px\u00bb custom_margin=\u00bb||5px|\u00bb]<\/p>\n<p><span style=\"color: #999999;\"><a style=\"color: #999999;\" href=\"https:\/\/logity.co\/openvoice\/seguridad\/#citofonia\">Citofon\u00eda IP<\/a><\/span><\/p>\n<p>[\/et_pb_text][et_pb_text global_parent=\u00bb49381&#8243; _builder_version=\u00bb3.7&#8243; text_font=\u00bbSF Regular||||||||\u00bb text_text_color=\u00bbrgba(255,255,255,0.5)\u00bb text_font_size=\u00bb16px\u00bb custom_margin=\u00bb||5px|\u00bb]<\/p>\n<p><span style=\"color: #999999;\"><a style=\"color: #999999;\" href=\"https:\/\/logity.co\/openvoice\/seguridad\/#video\">V\u00eddeo Vigilancia<\/a><\/span><\/p>\n<p>[\/et_pb_text][et_pb_text global_parent=\u00bb49381&#8243; _builder_version=\u00bb3.7&#8243; text_font=\u00bbSF Regular||||||||\u00bb text_text_color=\u00bbrgba(255,255,255,0.5)\u00bb text_font_size=\u00bb16px\u00bb header_font=\u00bb||||||||\u00bb custom_margin=\u00bb||5px|\u00bb]<\/p>\n<p><span style=\"color: #999999;\"><a style=\"color: #999999;\" href=\"https:\/\/logity.co\/openvoice\/seguridad\/#peatonal\">Control Peatonal<\/a><\/span><\/p>\n<p>[\/et_pb_text][et_pb_text global_parent=\u00bb49381&#8243; _builder_version=\u00bb3.7&#8243; text_font=\u00bbSF Regular||||||||\u00bb text_text_color=\u00bbrgba(255,255,255,0.5)\u00bb text_font_size=\u00bb16px\u00bb custom_margin=\u00bb||5px|\u00bb]<\/p>\n<p><span style=\"color: #999999;\"><a style=\"color: #999999;\" href=\"https:\/\/logity.co\/openvoice\/seguridad\/#vehicular\">Control Vehicular<\/a><\/span><\/p>\n<p>[\/et_pb_text][et_pb_text global_parent=\u00bb49381&#8243; _builder_version=\u00bb3.6&#8243; text_font=\u00bbSF Regular||||||||\u00bb text_text_color=\u00bbrgba(255,255,255,0.5)\u00bb text_font_size=\u00bb16px\u00bb custom_margin=\u00bb||5px|\u00bb]<\/p>\n<p><span style=\"color: #999999;\"><a style=\"color: #999999;\" href=\"https:\/\/logity.co\/openvoice\/seguridad\/#control\">Control de Intrusos<\/a><\/span><\/p>\n<p>[\/et_pb_text][et_pb_text global_parent=\u00bb49381&#8243; _builder_version=\u00bb3.6&#8243; text_font=\u00bbSF Regular||||||||\u00bb text_text_color=\u00bbrgba(255,255,255,0.5)\u00bb text_font_size=\u00bb16px\u00bb custom_margin=\u00bb||5px|\u00bb]<\/p>\n<p><span style=\"color: #999999;\"><a style=\"color: #999999;\" href=\"https:\/\/logity.co\/openvoice\/seguridad\/#domotica\">Dom\u00f3tica e Inm\u00f3tica<\/a><\/span><\/p>\n<p>[\/et_pb_text][\/et_pb_column][et_pb_column type=\u00bb1_4&#8243;][et_pb_text global_parent=\u00bb49381&#8243; _builder_version=\u00bb3.6&#8243; text_font=\u00bbSF Regular||||||||\u00bb text_text_color=\u00bb#ffffff\u00bb text_font_size=\u00bb16px\u00bb custom_margin=\u00bb||5px|\u00bb]<\/p>\n<p>Telefon\u00eda IP<\/p>\n<p>[\/et_pb_text][et_pb_text global_parent=\u00bb49381&#8243; _builder_version=\u00bb3.6&#8243; text_font=\u00bbSF Regular||||||||\u00bb text_text_color=\u00bbrgba(255,255,255,0.5)\u00bb text_font_size=\u00bb16px\u00bb custom_margin=\u00bb||5px|\u00bb]<\/p>\n<p><span style=\"color: #999999;\"><a style=\"color: #999999;\" href=\"https:\/\/logity.co\/openvoice\/telefonia\/#pin\">Pin Telef\u00f3nico OV<\/a><\/span><\/p>\n<p>[\/et_pb_text][et_pb_text global_parent=\u00bb49381&#8243; _builder_version=\u00bb3.6&#8243; text_font=\u00bbSF Regular||||||||\u00bb text_text_color=\u00bbrgba(255,255,255,0.5)\u00bb text_font_size=\u00bb16px\u00bb custom_margin=\u00bb||5px|\u00bb]<\/p>\n<p><span style=\"color: #999999;\"><a style=\"color: #999999;\" href=\"https:\/\/logity.co\/openvoice\/telefonia\/#cabinas\">Cabinas y Call Shops<\/a><\/span><\/p>\n<p>[\/et_pb_text][et_pb_text global_parent=\u00bb49381&#8243; _builder_version=\u00bb3.7&#8243; text_font=\u00bbSF Regular||||||||\u00bb text_text_color=\u00bbrgba(255,255,255,0.5)\u00bb text_font_size=\u00bb16px\u00bb custom_margin=\u00bb||5px|\u00bb]<\/p>\n<p><span style=\"color: #999999;\"><a style=\"color: #999999;\" href=\"https:\/\/logity.co\/openvoice\/telefonia\/#mayorista\">OV Mayorista<\/a><\/span><\/p>\n<p>[\/et_pb_text][et_pb_text global_parent=\u00bb49381&#8243; _builder_version=\u00bb3.7&#8243; text_font=\u00bbSF Regular||||||||\u00bb text_text_color=\u00bbrgba(255,255,255,0.5)\u00bb text_font_size=\u00bb16px\u00bb header_font=\u00bb||||||||\u00bb custom_margin=\u00bb||5px|\u00bb]<\/p>\n<p><span style=\"color: #999999;\"><a style=\"color: #999999;\" href=\"https:\/\/logity.co\/openvoice\/telefonia\/#pbx\">PBX Pilvi<\/a>x<\/span><\/p>\n<p>[\/et_pb_text][et_pb_text global_parent=\u00bb49381&#8243; _builder_version=\u00bb3.6&#8243; text_font=\u00bbSF Regular||||||||\u00bb text_text_color=\u00bbrgba(255,255,255,0.5)\u00bb text_font_size=\u00bb16px\u00bb custom_margin=\u00bb||5px|\u00bb]<\/p>\n<p><span style=\"color: #999999;\"><a style=\"color: #999999;\" href=\"https:\/\/logity.co\/openvoice\/telefonia\/#redes\">Infraestructura de redes<\/a><\/span><\/p>\n<p>[\/et_pb_text][et_pb_text global_parent=\u00bb49381&#8243; _builder_version=\u00bb3.7&#8243; text_font=\u00bbSF Regular||||||||\u00bb text_text_color=\u00bbrgba(255,255,255,0.5)\u00bb text_font_size=\u00bb16px\u00bb custom_margin=\u00bb||25px|0px\u00bb custom_margin_tablet=\u00bb|||0px\u00bb custom_margin_last_edited=\u00bbon|phone\u00bb]<\/p>\n<p><span style=\"color: #00ccff;\"><a style=\"color: #00ccff;\" href=\"https:\/\/logity.co\/openvoice\/contacto\/#redes\">Cont\u00e1ctanos<\/a><\/span><\/p>\n<p>[\/et_pb_text][\/et_pb_column][\/et_pb_row][et_pb_row global_parent=\u00bb49381&#8243; _builder_version=\u00bb3.6&#8243;][et_pb_column type=\u00bb4_4&#8243;][et_pb_divider global_parent=\u00bb49381&#8243; color=\u00bbrgba(126,211,247,0.61)\u00bb _builder_version=\u00bb3.6&#8243; custom_margin=\u00bb||0px|\u00bb \/][et_pb_text global_parent=\u00bb49381&#8243; _builder_version=\u00bb3.7&#8243; text_font=\u00bbSF Thin||||||||\u00bb text_text_color=\u00bb#ffffff\u00bb text_font_size=\u00bb16px\u00bb text_font_size_tablet=\u00bb12px\u00bb text_font_size_phone=\u00bb12px\u00bb text_font_size_last_edited=\u00bbon|phone\u00bb text_orientation=\u00bbcenter\u00bb custom_padding=\u00bb|||||false\u00bb custom_padding_phone=\u00bb|0px||0px||true\u00bb custom_padding_last_edited=\u00bboff|desktop\u00bb]<\/p>\n<p><span style=\"color: #ffffff;\">Copyright \u24b8 2018 &#8211; Open Voice &#8211; All rights reserved &#8211;\u00a0<a style=\"color: #ffffff;\" href=\"mailto:webmaster@openvoive.com.co\">Web Master<\/a>\u00a0\u00a0 \u00a0 \u00a0 \u00a0l\u00a0 \u00a0 \u00a0 \u00a0\u00a0<a style=\"color: #ffffff;\" href=\"https:\/\/logity.co\/openvoice\/privacidad\" target=\"_blank\" rel=\"noopener noreferrer\">Pol\u00edticas de uso y privacidad<\/a>\u00a0 \u00a0 \u00a0 \u00a0 l\u00a0 \u00a0 \u00a0<a style=\"color: #ffffff;\" href=\"https:\/\/logity.co\/openvoice\/datos\" target=\"_blank\" rel=\"noopener noreferrer\">Pol\u00edticas de datos<\/a><\/span><\/p>\n<p>[\/et_pb_text][\/et_pb_column][\/et_pb_row][\/et_pb_section]<\/p>\n","protected":false},"excerpt":{"rendered":"<p>POL\u00cdTICAS DE TRATAMIENTO DE DATOS PERSONALES Su privacidad es muy importante para nosotros. Por esto, desarrollamos una Pol\u00edtica de Tratamiento de Datos Personales que abarca c\u00f3mo recolectamos, usamos, divulgamos, transferimos y almacenamos la informaci\u00f3n que usted nos suministre. Por favor dedique un momento para familiarizase con nuestras pol\u00edticas de tratamiento de datos personales y, si [&hellip;]<\/p>\n","protected":false},"author":1,"featured_media":0,"parent":0,"menu_order":0,"comment_status":"closed","ping_status":"closed","template":"","meta":{"_et_pb_use_builder":"on","_et_pb_old_content":"","_et_gb_content_width":"","footnotes":""},"class_list":["post-50759","page","type-page","status-publish","hentry"],"_links":{"self":[{"href":"https:\/\/openvoice.com.co\/ov\/wp-json\/wp\/v2\/pages\/50759","targetHints":{"allow":["GET"]}}],"collection":[{"href":"https:\/\/openvoice.com.co\/ov\/wp-json\/wp\/v2\/pages"}],"about":[{"href":"https:\/\/openvoice.com.co\/ov\/wp-json\/wp\/v2\/types\/page"}],"author":[{"embeddable":true,"href":"https:\/\/openvoice.com.co\/ov\/wp-json\/wp\/v2\/users\/1"}],"replies":[{"embeddable":true,"href":"https:\/\/openvoice.com.co\/ov\/wp-json\/wp\/v2\/comments?post=50759"}],"version-history":[{"count":3,"href":"https:\/\/openvoice.com.co\/ov\/wp-json\/wp\/v2\/pages\/50759\/revisions"}],"predecessor-version":[{"id":51223,"href":"https:\/\/openvoice.com.co\/ov\/wp-json\/wp\/v2\/pages\/50759\/revisions\/51223"}],"wp:attachment":[{"href":"https:\/\/openvoice.com.co\/ov\/wp-json\/wp\/v2\/media?parent=50759"}],"curies":[{"name":"wp","href":"https:\/\/api.w.org\/{rel}","templated":true}]}}